{"id":38,"date":"2017-04-10T11:59:49","date_gmt":"2017-04-10T09:59:49","guid":{"rendered":"http:\/\/www.istitutopalazzeschi.org\/?page_id=38"},"modified":"2020-04-02T15:56:49","modified_gmt":"2020-04-02T13:56:49","slug":"quota-iscrizione-a-s-20172018","status":"publish","type":"page","link":"https:\/\/www.istitutopalazzeschi.org\/index.php\/servizi\/quota-iscrizione-a-s-20172018\/","title":{"rendered":"Quota Iscrizione a.s. 2020\/2021 &#8211;"},"content":{"rendered":"<p>Si informano le famiglie dei bambini e ragazzi che frequentano l\u2019Istituto Palazzeschi che la quota di iscrizione per il prossimo anno scolastico dovr\u00e0 essere pagata quando vi \u00e8 pi\u00f9 comodo <u>dal mese di marzo in poi ed entro il mese di giugno con un bonifico distinto. <\/u><span style=\"font-size: inherit;\">La copia di detto bonifico dovr\u00e0 essere riconsegna alla direzione , le quale riporter\u00e0\u00a0 il pagamento nel <\/span><strong style=\"font-size: inherit;\"><em>registro iscrizioni con il nome del bambino<\/em><\/strong><\/p>\n<p><strong>\u00a0<\/strong>Se avete due o pi\u00f9 figli le iscrizioni potranno essere versate in due volte \u00a0per creare meno disagio possibile.<\/p>\n<p><strong>Si ricorda inoltre che per i bambini iscritti per la prima volta ci sono dei moduli da compilare in ogni pagina mentre per chi \u00e8 gi\u00e0 iscritto avrete solo il modulo di conferma <\/strong><\/p>\n","protected":false},"excerpt":{"rendered":"<p>Si informano le famiglie dei bambini e ragazzi che frequentano l\u2019Istituto Palazzeschi che la quota di iscrizione per il prossimo [&hellip;]<\/p>\n","protected":false},"author":1,"featured_media":0,"parent":18,"menu_order":0,"comment_status":"closed","ping_status":"closed","template":"","meta":{"site-sidebar-layout":"default","site-content-layout":"","ast-site-content-layout":"","site-content-style":"default","site-sidebar-style":"default","ast-global-header-display":"","ast-banner-title-visibility":"","ast-main-header-display":"","ast-hfb-above-header-display":"","ast-hfb-below-header-display":"","ast-hfb-mobile-header-display":"","site-post-title":"","ast-breadcrumbs-content":"","ast-featured-img":"","footer-sml-layout":"","theme-transparent-header-meta":"","adv-header-id-meta":"","stick-header-meta":"","header-above-stick-meta":"","header-main-stick-meta":"","header-below-stick-meta":"","astra-migrate-meta-layouts":"default","ast-page-background-enabled":"default","ast-page-background-meta":{"desktop":{"background-color":"var(--ast-global-color-5)","background-image":"","background-repeat":"repeat","background-position":"center center","background-size":"auto","background-attachment":"scroll","background-type":"","background-media":"","overlay-type":"","overlay-color":"","overlay-opacity":"","overlay-gradient":""},"tablet":{"background-color":"","background-image":"","background-repeat":"repeat","background-position":"center center","background-size":"auto","background-attachment":"scroll","background-type":"","background-media":"","overlay-type":"","overlay-color":"","overlay-opacity":"","overlay-gradient":""},"mobile":{"background-color":"","background-image":"","background-repeat":"repeat","background-position":"center center","background-size":"auto","background-attachment":"scroll","background-type":"","background-media":"","overlay-type":"","overlay-color":"","overlay-opacity":"","overlay-gradient":""}},"ast-content-background-meta":{"desktop":{"background-color":"var(--ast-global-color-4)","background-image":"","background-repeat":"repeat","background-position":"center center","background-size":"auto","background-attachment":"scroll","background-type":"","background-media":"","overlay-type":"","overlay-color":"","overlay-opacity":"","overlay-gradient":""},"tablet":{"background-color":"var(--ast-global-color-4)","background-image":"","background-repeat":"repeat","background-position":"center center","background-size":"auto","background-attachment":"scroll","background-type":"","background-media":"","overlay-type":"","overlay-color":"","overlay-opacity":"","overlay-gradient":""},"mobile":{"background-color":"var(--ast-global-color-4)","background-image":"","background-repeat":"repeat","background-position":"center center","background-size":"auto","background-attachment":"scroll","background-type":"","background-media":"","overlay-type":"","overlay-color":"","overlay-opacity":"","overlay-gradient":""}},"footnotes":""},"class_list":["post-38","page","type-page","status-publish","hentry"],"_links":{"self":[{"href":"https:\/\/www.istitutopalazzeschi.org\/index.php\/wp-json\/wp\/v2\/pages\/38","targetHints":{"allow":["GET"]}}],"collection":[{"href":"https:\/\/www.istitutopalazzeschi.org\/index.php\/wp-json\/wp\/v2\/pages"}],"about":[{"href":"https:\/\/www.istitutopalazzeschi.org\/index.php\/wp-json\/wp\/v2\/types\/page"}],"author":[{"embeddable":true,"href":"https:\/\/www.istitutopalazzeschi.org\/index.php\/wp-json\/wp\/v2\/users\/1"}],"replies":[{"embeddable":true,"href":"https:\/\/www.istitutopalazzeschi.org\/index.php\/wp-json\/wp\/v2\/comments?post=38"}],"version-history":[{"count":3,"href":"https:\/\/www.istitutopalazzeschi.org\/index.php\/wp-json\/wp\/v2\/pages\/38\/revisions"}],"predecessor-version":[{"id":183,"href":"https:\/\/www.istitutopalazzeschi.org\/index.php\/wp-json\/wp\/v2\/pages\/38\/revisions\/183"}],"up":[{"embeddable":true,"href":"https:\/\/www.istitutopalazzeschi.org\/index.php\/wp-json\/wp\/v2\/pages\/18"}],"wp:attachment":[{"href":"https:\/\/www.istitutopalazzeschi.org\/index.php\/wp-json\/wp\/v2\/media?parent=38"}],"curies":[{"name":"wp","href":"https:\/\/api.w.org\/{rel}","templated":true}]}}